{"id":212,"date":"2021-07-27T15:50:55","date_gmt":"2021-07-27T13:50:55","guid":{"rendered":"http:\/\/atelier-amarya.com\/?page_id=212"},"modified":"2021-08-27T10:26:14","modified_gmt":"2021-08-27T08:26:14","slug":"mentions-legales","status":"publish","type":"page","link":"https:\/\/atelier-amarya.com\/index.php\/mentions-legales\/","title":{"rendered":"Mentions l\u00e9gales"},"content":{"rendered":"\t\t<div data-elementor-type=\"wp-page\" data-elementor-id=\"212\" class=\"elementor elementor-212\">\n\t\t\t\t\t\t<section class=\"elementor-section elementor-top-section elementor-element elementor-element-1a25fb4a elementor-section-boxed elementor-section-height-default elementor-section-height-default\" data-id=\"1a25fb4a\" data-element_type=\"section\" data-e-type=\"section\">\n\t\t\t\t\t\t<div class=\"elementor-container elementor-column-gap-default\">\n\t\t\t\t\t<div class=\"elementor-column elementor-col-100 elementor-top-column elementor-element elementor-element-4ae831e8\" data-id=\"4ae831e8\" data-element_type=\"column\" data-e-type=\"column\">\n\t\t\t<div class=\"elementor-widget-wrap elementor-element-populated\">\n\t\t\t\t\t\t<div class=\"elementor-element elementor-element-fd75d66 elementor-widget elementor-widget-text-editor\" data-id=\"fd75d66\" data-element_type=\"widget\" data-e-type=\"widget\" data-widget_type=\"text-editor.default\">\n\t\t\t\t<div class=\"elementor-widget-container\">\n\t\t\t\t\t\t\t\t\t<p><\/p>\n<p><\/p>\n<h5><strong>Atelier Amarya<\/strong><\/h5>\n<p><\/p>\n<p>Direction : Mme Marianne Amory<\/p>\n<p><\/p>\n<p>Tel +33(0)671006156<\/p>\n<p>E-mail : <a href=\"mailto:contact@atelier-amarya.com\">contact@atelier-amarya.com<\/a><\/p>\n<p><\/p>\n<p><em><strong>Immatriculation au r\u00e9pertoire des m\u00e9tiers n\u00b0895 203 537<\/strong><\/em><\/p>\n<p><\/p>\n<div class=\"highlight text-justify\">\n<h5>IDENTIT\u00c9<\/h5>\n<p>Nom du site web : <strong>atelier-amarya.com<\/strong><br \/>URL : <em><strong>https:\/\/www.atelier-amarya.com<\/strong><\/em><br \/>Est la propri\u00e9t\u00e9 exclusive de l&rsquo;entreprise Atelier Amarya<br \/>Responsable de publication : <strong>Marianne Amory<\/strong><\/p>\n<p>Conception et r\u00e9alisation :\u00a0<a href=\"http:\/\/www.artandgraf.com\" target=\"_blank\" rel=\"noopener\">Agence de communication A&amp;G\u00a0<\/a><br \/>H\u00e9bergement : Soci\u00e9t\u00e9 OVH France &#8211; <strong><em>Maintenance et gestion assur\u00e9e par l&rsquo;agence de communication A&amp;G<\/em><\/strong> &#8211; <a href=\"mailto:webmaster@artandgraf.com\"><em><strong>webmaster@artandgraf.com<\/strong><\/em><\/a><\/p>\n<h5>PERSONNE MORALE<\/h5>\n<p>Raison sociale : Micro- entreprise \u00a0\u2013 RCS \u00a0\u2013 SIRET<br \/>\u00a0T\u00e9l : 06 71 00 61 56 &#8211; Email : contact@atelier-amarya.com<\/p>\n<h5>CONDITIONS D\u2019UTILISATION<\/h5>\n<p>\u00c0 savoir, l\u2019utilisation du site implique l\u2019acceptation pleine et enti\u00e8re des conditions g\u00e9n\u00e9rales d\u2019utilisation d\u00e9crites ci-dessous. Ces conditions d\u2019utilisation sont susceptibles d\u2019\u00eatre modifi\u00e9es ou compl\u00e9t\u00e9es \u00e0 tout moment.\u00a0<\/p>\n<p><em>(Pour tout compl\u00e9ment d&rsquo;information, merci de contacter le propri\u00e9taire du site ou l&rsquo;agence responsable de sa maintenance web.)<\/em><\/p>\n<h5>INFORMATIONS<\/h5>\n<p>Les informations et documents g\u00e9n\u00e9r\u00e9s sur ce pr\u00e9sent site sont pr\u00e9sent\u00e9s \u00e0 titre indicatif, ce contenu n\u2019a pas de caract\u00e8re exhaustif, et ne peut, par cons\u00e9quent, engager la responsabilit\u00e9 de son propri\u00e9taire.<\/p>\n<p>Atelier Amarya ne peut \u00eatre tenu responsable des dommages directs et indirects cons\u00e9cutifs \u00e0 l\u2019acc\u00e8s de son site.<\/p>\n<h5>PROPRI\u00c9T\u00c9 INTELLECTUELLE<\/h5>\n<p>Sauf mention contraire, tous les \u00e9l\u00e9ments accessibles sur ce site (textes, images, visuels, logos, ic\u00f4nes, etc&#8230;) restent la propri\u00e9t\u00e9 exclusive de l&rsquo;Atelier Amarya, en ce qui concerne les droits de propri\u00e9t\u00e9 intellectuelle ou les droits d\u2019usage.<sup id=\"fnref-7013-1\"><\/sup><\/p>\n<p>Toute reproduction de tout ou d&rsquo;une partie des \u00e9l\u00e9ments pr\u00e9sents, quel que soit le moyen ou le proc\u00e9d\u00e9 utilis\u00e9, est interdite, sauf autorisation \u00e9crite pr\u00e9alable \u00e0 l&rsquo;adresse : <a href=\"mailto:contact@atelier-amarya.com\">contact@atelier-amarya.com.<\/a><sup id=\"fnref-7013-3\"><\/sup><\/p>\n<p><strong>ATTENTION<\/strong> : Toute exploitation non autoris\u00e9e de quelconque des \u00e9l\u00e9ments pr\u00e9sents sur ce site est consid\u00e9r\u00e9e comme constitutive d\u2019une contrefa\u00e7on et peut engendrer des poursuites. <sup id=\"fnref-7013-9\"><\/sup><\/p>\n<h5>LIENS<\/h5>\n<p><strong>Liens sortants uniquement\u00a0<\/strong><br \/>Le propri\u00e9taire du site d\u00e9cline toute responsabilit\u00e9 et n\u2019est pas engag\u00e9 par le r\u00e9f\u00e9rencement via des liens hypertextes, de ressources tierces pr\u00e9sentes sur le r\u00e9seau Internet, tant en ce qui concerne leur contenu que leur pertinence. Merci d&rsquo;en tenir compte lors de votre visite sur ce site.<\/p>\n<h5>CONFIDENTIALIT\u00c9<\/h5>\n<p>Il n&rsquo;est pas possible pour un visiteur ni de d\u00e9poser un commentaire ni d\u00e9poser un hyperlien. N\u00e9anmoins les risques subsistent, comme sur tout site e-vitrine.\u00a0Aucune information personnelle n&rsquo;y est recueillie, en outre ce site n\u2019est pas assujetti \u00e0 d\u00e9claration \u00e0 la CNIL.<sup id=\"fnref-7013-4\"><\/sup><\/p>\n<p>Seuls les informations renseign\u00e9es dans la bo\u00eete de contact interne peuvent \u00eatre sauvegard\u00e9es. De ce fait l&rsquo;Atelier Amarya engage sa responsabilit\u00e9 \u00e0 conserver ces derni\u00e8res pour son usage et son usage professionnel uniquement.\u00a0<\/p>\n<h5>CR\u00c9DITS<\/h5>\n<p>Cr\u00e9dits photos, logos et autres visuels num\u00e9riques sont la propri\u00e9t\u00e9 exclusive de l&rsquo;Atelier Amarya.\u00a0<\/p>\n<\/div>\n<p><\/p>\t\t\t\t\t\t\t\t<\/div>\n\t\t\t\t<\/div>\n\t\t\t\t\t<\/div>\n\t\t<\/div>\n\t\t\t\t\t<\/div>\n\t\t<\/section>\n\t\t\t\t<\/div>\n\t\t","protected":false},"excerpt":{"rendered":"<p>Atelier Amarya Direction : Mme Marianne Amory Tel +33(0)671006156 E-mail : contact@atelier-amarya.com Immatriculation au r\u00e9pertoire des m\u00e9tiers n\u00b0895 203 537 IDENTIT\u00c9 Nom du site web : atelier-amarya.comURL : https:\/\/www.atelier-amarya.comEst la propri\u00e9t\u00e9 exclusive de l&rsquo;entreprise Atelier AmaryaResponsable de publication : Marianne Amory Conception et r\u00e9alisation :\u00a0Agence de communication A&amp;G\u00a0H\u00e9bergement : Soci\u00e9t\u00e9 OVH France &#8211; Maintenance et gestion assur\u00e9e par l&rsquo;agence de communication A&amp;G &#8211; webmaster@artandgraf.com PERSONNE MORALE Raison sociale : Micro- entreprise \u00a0\u2013 RCS \u00a0\u2013 SIRET\u00a0T\u00e9l : 06 71 00 61 56 &#8211; Email : contact@atelier-amarya.com CONDITIONS D\u2019UTILISATION \u00c0 savoir, l\u2019utilisation du site implique l\u2019acceptation pleine et enti\u00e8re des conditions g\u00e9n\u00e9rales d\u2019utilisation d\u00e9crites ci-dessous. Ces conditions d\u2019utilisation sont susceptibles d\u2019\u00eatre modifi\u00e9es ou compl\u00e9t\u00e9es \u00e0 tout moment.\u00a0 (Pour tout compl\u00e9ment d&rsquo;information, merci de contacter le propri\u00e9taire du site ou l&rsquo;agence responsable de sa maintenance web.) INFORMATIONS Les informations et documents g\u00e9n\u00e9r\u00e9s sur ce pr\u00e9sent site sont pr\u00e9sent\u00e9s \u00e0 titre indicatif, ce contenu n\u2019a pas de caract\u00e8re exhaustif, et ne peut, par cons\u00e9quent, engager la responsabilit\u00e9 de son propri\u00e9taire. Atelier Amarya ne peut \u00eatre tenu responsable des dommages directs et indirects cons\u00e9cutifs \u00e0 l\u2019acc\u00e8s de son site. PROPRI\u00c9T\u00c9 INTELLECTUELLE Sauf mention contraire, tous les \u00e9l\u00e9ments accessibles sur ce site (textes, images, visuels, logos, ic\u00f4nes, etc&#8230;) restent la propri\u00e9t\u00e9 exclusive de l&rsquo;Atelier Amarya, en ce qui concerne les droits de propri\u00e9t\u00e9 intellectuelle ou les droits d\u2019usage. Toute reproduction de tout ou d&rsquo;une partie des \u00e9l\u00e9ments pr\u00e9sents, quel que soit le moyen ou le proc\u00e9d\u00e9 utilis\u00e9, est interdite, sauf autorisation \u00e9crite pr\u00e9alable \u00e0 l&rsquo;adresse : contact@atelier-amarya.com. ATTENTION : Toute exploitation non autoris\u00e9e de quelconque des \u00e9l\u00e9ments pr\u00e9sents sur ce site est consid\u00e9r\u00e9e comme constitutive d\u2019une contrefa\u00e7on et peut engendrer des poursuites. LIENS Liens sortants uniquement\u00a0Le propri\u00e9taire du site d\u00e9cline toute responsabilit\u00e9 et n\u2019est pas engag\u00e9 par le r\u00e9f\u00e9rencement via des liens hypertextes, de ressources tierces pr\u00e9sentes sur le r\u00e9seau Internet, tant en ce qui concerne leur contenu que leur pertinence. Merci d&rsquo;en tenir compte lors de votre visite sur ce site. CONFIDENTIALIT\u00c9 Il n&rsquo;est pas possible pour un visiteur ni de d\u00e9poser un commentaire ni d\u00e9poser un hyperlien. N\u00e9anmoins les risques subsistent, comme sur tout site e-vitrine.\u00a0Aucune information personnelle n&rsquo;y est recueillie, en outre ce site n\u2019est pas assujetti \u00e0 d\u00e9claration \u00e0 la CNIL. Seuls les informations renseign\u00e9es dans la bo\u00eete de contact interne peuvent \u00eatre sauvegard\u00e9es. De ce fait l&rsquo;Atelier Amarya engage sa responsabilit\u00e9 \u00e0 conserver ces derni\u00e8res pour son usage et son usage professionnel uniquement.\u00a0 CR\u00c9DITS Cr\u00e9dits photos, logos et autres visuels num\u00e9riques sont la propri\u00e9t\u00e9 exclusive de l&rsquo;Atelier Amarya.\u00a0<\/p>\n","protected":false},"author":1,"featured_media":0,"parent":0,"menu_order":0,"comment_status":"closed","ping_status":"closed","template":"","meta":{"_vp_format_video_url":"","_vp_image_focal_point":[],"footnotes":""},"class_list":["post-212","page","type-page","status-publish","hentry"],"aioseo_notices":[],"yoast_head":"<!-- This site is optimized with the Yoast SEO plugin v27.3 - https:\/\/yoast.com\/product\/yoast-seo-wordpress\/ -->\n<title>Mentions l\u00e9gales - Atelier Amarya<\/title>\n<meta name=\"robots\" content=\"index, follow, max-snippet:-1, max-image-preview:large, max-video-preview:-1\" \/>\n<link rel=\"canonical\" href=\"https:\/\/atelier-amarya.com\/index.php\/mentions-legales\/\" \/>\n<meta property=\"og:locale\" content=\"fr_FR\" \/>\n<meta property=\"og:type\" content=\"article\" \/>\n<meta property=\"og:title\" content=\"Mentions l\u00e9gales - Atelier Amarya\" \/>\n<meta property=\"og:description\" content=\"Atelier Amarya Direction : Mme Marianne Amory Tel +33(0)671006156 E-mail : contact@atelier-amarya.com Immatriculation au r\u00e9pertoire des m\u00e9tiers n\u00b0895 203 537 IDENTIT\u00c9 Nom du site web : atelier-amarya.comURL : https:\/\/www.atelier-amarya.comEst la propri\u00e9t\u00e9 exclusive de l&rsquo;entreprise Atelier AmaryaResponsable de publication : Marianne Amory Conception et r\u00e9alisation :\u00a0Agence de communication A&amp;G\u00a0H\u00e9bergement : Soci\u00e9t\u00e9 OVH France &#8211; Maintenance et gestion assur\u00e9e par l&rsquo;agence de communication A&amp;G &#8211; webmaster@artandgraf.com PERSONNE MORALE Raison sociale : Micro- entreprise \u00a0\u2013 RCS \u00a0\u2013 SIRET\u00a0T\u00e9l : 06 71 00 61 56 &#8211; Email : contact@atelier-amarya.com CONDITIONS D\u2019UTILISATION \u00c0 savoir, l\u2019utilisation du site implique l\u2019acceptation pleine et enti\u00e8re des conditions g\u00e9n\u00e9rales d\u2019utilisation d\u00e9crites ci-dessous. Ces conditions d\u2019utilisation sont susceptibles d\u2019\u00eatre modifi\u00e9es ou compl\u00e9t\u00e9es \u00e0 tout moment.\u00a0 (Pour tout compl\u00e9ment d&rsquo;information, merci de contacter le propri\u00e9taire du site ou l&rsquo;agence responsable de sa maintenance web.) INFORMATIONS Les informations et documents g\u00e9n\u00e9r\u00e9s sur ce pr\u00e9sent site sont pr\u00e9sent\u00e9s \u00e0 titre indicatif, ce contenu n\u2019a pas de caract\u00e8re exhaustif, et ne peut, par cons\u00e9quent, engager la responsabilit\u00e9 de son propri\u00e9taire. Atelier Amarya ne peut \u00eatre tenu responsable des dommages directs et indirects cons\u00e9cutifs \u00e0 l\u2019acc\u00e8s de son site. PROPRI\u00c9T\u00c9 INTELLECTUELLE Sauf mention contraire, tous les \u00e9l\u00e9ments accessibles sur ce site (textes, images, visuels, logos, ic\u00f4nes, etc&#8230;) restent la propri\u00e9t\u00e9 exclusive de l&rsquo;Atelier Amarya, en ce qui concerne les droits de propri\u00e9t\u00e9 intellectuelle ou les droits d\u2019usage. Toute reproduction de tout ou d&rsquo;une partie des \u00e9l\u00e9ments pr\u00e9sents, quel que soit le moyen ou le proc\u00e9d\u00e9 utilis\u00e9, est interdite, sauf autorisation \u00e9crite pr\u00e9alable \u00e0 l&rsquo;adresse : contact@atelier-amarya.com. ATTENTION : Toute exploitation non autoris\u00e9e de quelconque des \u00e9l\u00e9ments pr\u00e9sents sur ce site est consid\u00e9r\u00e9e comme constitutive d\u2019une contrefa\u00e7on et peut engendrer des poursuites. LIENS Liens sortants uniquement\u00a0Le propri\u00e9taire du site d\u00e9cline toute responsabilit\u00e9 et n\u2019est pas engag\u00e9 par le r\u00e9f\u00e9rencement via des liens hypertextes, de ressources tierces pr\u00e9sentes sur le r\u00e9seau Internet, tant en ce qui concerne leur contenu que leur pertinence. Merci d&rsquo;en tenir compte lors de votre visite sur ce site. CONFIDENTIALIT\u00c9 Il n&rsquo;est pas possible pour un visiteur ni de d\u00e9poser un commentaire ni d\u00e9poser un hyperlien. N\u00e9anmoins les risques subsistent, comme sur tout site e-vitrine.\u00a0Aucune information personnelle n&rsquo;y est recueillie, en outre ce site n\u2019est pas assujetti \u00e0 d\u00e9claration \u00e0 la CNIL. Seuls les informations renseign\u00e9es dans la bo\u00eete de contact interne peuvent \u00eatre sauvegard\u00e9es. De ce fait l&rsquo;Atelier Amarya engage sa responsabilit\u00e9 \u00e0 conserver ces derni\u00e8res pour son usage et son usage professionnel uniquement.\u00a0 CR\u00c9DITS Cr\u00e9dits photos, logos et autres visuels num\u00e9riques sont la propri\u00e9t\u00e9 exclusive de l&rsquo;Atelier Amarya.\u00a0\" \/>\n<meta property=\"og:url\" content=\"https:\/\/atelier-amarya.com\/index.php\/mentions-legales\/\" \/>\n<meta property=\"og:site_name\" content=\"Atelier Amarya\" \/>\n<meta property=\"article:modified_time\" content=\"2021-08-27T08:26:14+00:00\" \/>\n<meta name=\"twitter:card\" content=\"summary_large_image\" \/>\n<meta name=\"twitter:label1\" content=\"Dur\u00e9e de lecture estim\u00e9e\" \/>\n\t<meta name=\"twitter:data1\" content=\"2 minutes\" \/>\n<script type=\"application\/ld+json\" class=\"yoast-schema-graph\">{\"@context\":\"https:\\\/\\\/schema.org\",\"@graph\":[{\"@type\":\"WebPage\",\"@id\":\"https:\\\/\\\/atelier-amarya.com\\\/index.php\\\/mentions-legales\\\/\",\"url\":\"https:\\\/\\\/atelier-amarya.com\\\/index.php\\\/mentions-legales\\\/\",\"name\":\"Mentions l\u00e9gales - Atelier Amarya\",\"isPartOf\":{\"@id\":\"https:\\\/\\\/atelier-amarya.com\\\/#website\"},\"datePublished\":\"2021-07-27T13:50:55+00:00\",\"dateModified\":\"2021-08-27T08:26:14+00:00\",\"breadcrumb\":{\"@id\":\"https:\\\/\\\/atelier-amarya.com\\\/index.php\\\/mentions-legales\\\/#breadcrumb\"},\"inLanguage\":\"fr-FR\",\"potentialAction\":[{\"@type\":\"ReadAction\",\"target\":[\"https:\\\/\\\/atelier-amarya.com\\\/index.php\\\/mentions-legales\\\/\"]}]},{\"@type\":\"BreadcrumbList\",\"@id\":\"https:\\\/\\\/atelier-amarya.com\\\/index.php\\\/mentions-legales\\\/#breadcrumb\",\"itemListElement\":[{\"@type\":\"ListItem\",\"position\":1,\"name\":\"Accueil\",\"item\":\"https:\\\/\\\/atelier-amarya.com\\\/\"},{\"@type\":\"ListItem\",\"position\":2,\"name\":\"Mentions l\u00e9gales\"}]},{\"@type\":\"WebSite\",\"@id\":\"https:\\\/\\\/atelier-amarya.com\\\/#website\",\"url\":\"https:\\\/\\\/atelier-amarya.com\\\/\",\"name\":\"Atelier Amarya\",\"description\":\"LA CULTURE S&#039;INVITE CHEZ VOUS.\",\"publisher\":{\"@id\":\"https:\\\/\\\/atelier-amarya.com\\\/#organization\"},\"potentialAction\":[{\"@type\":\"SearchAction\",\"target\":{\"@type\":\"EntryPoint\",\"urlTemplate\":\"https:\\\/\\\/atelier-amarya.com\\\/?s={search_term_string}\"},\"query-input\":{\"@type\":\"PropertyValueSpecification\",\"valueRequired\":true,\"valueName\":\"search_term_string\"}}],\"inLanguage\":\"fr-FR\"},{\"@type\":\"Organization\",\"@id\":\"https:\\\/\\\/atelier-amarya.com\\\/#organization\",\"name\":\"Atelier Amarya\",\"url\":\"https:\\\/\\\/atelier-amarya.com\\\/\",\"logo\":{\"@type\":\"ImageObject\",\"inLanguage\":\"fr-FR\",\"@id\":\"https:\\\/\\\/atelier-amarya.com\\\/#\\\/schema\\\/logo\\\/image\\\/\",\"url\":\"https:\\\/\\\/atelier-amarya.com\\\/wp-content\\\/uploads\\\/2021\\\/07\\\/cropped-en-tete-e1625838131836-2.png\",\"contentUrl\":\"https:\\\/\\\/atelier-amarya.com\\\/wp-content\\\/uploads\\\/2021\\\/07\\\/cropped-en-tete-e1625838131836-2.png\",\"width\":300,\"height\":260,\"caption\":\"Atelier Amarya\"},\"image\":{\"@id\":\"https:\\\/\\\/atelier-amarya.com\\\/#\\\/schema\\\/logo\\\/image\\\/\"}}]}<\/script>\n<!-- \/ Yoast SEO plugin. -->","yoast_head_json":{"title":"Mentions l\u00e9gales - Atelier Amarya","robots":{"index":"index","follow":"follow","max-snippet":"max-snippet:-1","max-image-preview":"max-image-preview:large","max-video-preview":"max-video-preview:-1"},"canonical":"https:\/\/atelier-amarya.com\/index.php\/mentions-legales\/","og_locale":"fr_FR","og_type":"article","og_title":"Mentions l\u00e9gales - Atelier Amarya","og_description":"Atelier Amarya Direction : Mme Marianne Amory Tel +33(0)671006156 E-mail : contact@atelier-amarya.com Immatriculation au r\u00e9pertoire des m\u00e9tiers n\u00b0895 203 537 IDENTIT\u00c9 Nom du site web : atelier-amarya.comURL : https:\/\/www.atelier-amarya.comEst la propri\u00e9t\u00e9 exclusive de l&rsquo;entreprise Atelier AmaryaResponsable de publication : Marianne Amory Conception et r\u00e9alisation :\u00a0Agence de communication A&amp;G\u00a0H\u00e9bergement : Soci\u00e9t\u00e9 OVH France &#8211; Maintenance et gestion assur\u00e9e par l&rsquo;agence de communication A&amp;G &#8211; webmaster@artandgraf.com PERSONNE MORALE Raison sociale : Micro- entreprise \u00a0\u2013 RCS \u00a0\u2013 SIRET\u00a0T\u00e9l : 06 71 00 61 56 &#8211; Email : contact@atelier-amarya.com CONDITIONS D\u2019UTILISATION \u00c0 savoir, l\u2019utilisation du site implique l\u2019acceptation pleine et enti\u00e8re des conditions g\u00e9n\u00e9rales d\u2019utilisation d\u00e9crites ci-dessous. Ces conditions d\u2019utilisation sont susceptibles d\u2019\u00eatre modifi\u00e9es ou compl\u00e9t\u00e9es \u00e0 tout moment.\u00a0 (Pour tout compl\u00e9ment d&rsquo;information, merci de contacter le propri\u00e9taire du site ou l&rsquo;agence responsable de sa maintenance web.) INFORMATIONS Les informations et documents g\u00e9n\u00e9r\u00e9s sur ce pr\u00e9sent site sont pr\u00e9sent\u00e9s \u00e0 titre indicatif, ce contenu n\u2019a pas de caract\u00e8re exhaustif, et ne peut, par cons\u00e9quent, engager la responsabilit\u00e9 de son propri\u00e9taire. Atelier Amarya ne peut \u00eatre tenu responsable des dommages directs et indirects cons\u00e9cutifs \u00e0 l\u2019acc\u00e8s de son site. PROPRI\u00c9T\u00c9 INTELLECTUELLE Sauf mention contraire, tous les \u00e9l\u00e9ments accessibles sur ce site (textes, images, visuels, logos, ic\u00f4nes, etc&#8230;) restent la propri\u00e9t\u00e9 exclusive de l&rsquo;Atelier Amarya, en ce qui concerne les droits de propri\u00e9t\u00e9 intellectuelle ou les droits d\u2019usage. Toute reproduction de tout ou d&rsquo;une partie des \u00e9l\u00e9ments pr\u00e9sents, quel que soit le moyen ou le proc\u00e9d\u00e9 utilis\u00e9, est interdite, sauf autorisation \u00e9crite pr\u00e9alable \u00e0 l&rsquo;adresse : contact@atelier-amarya.com. ATTENTION : Toute exploitation non autoris\u00e9e de quelconque des \u00e9l\u00e9ments pr\u00e9sents sur ce site est consid\u00e9r\u00e9e comme constitutive d\u2019une contrefa\u00e7on et peut engendrer des poursuites. LIENS Liens sortants uniquement\u00a0Le propri\u00e9taire du site d\u00e9cline toute responsabilit\u00e9 et n\u2019est pas engag\u00e9 par le r\u00e9f\u00e9rencement via des liens hypertextes, de ressources tierces pr\u00e9sentes sur le r\u00e9seau Internet, tant en ce qui concerne leur contenu que leur pertinence. Merci d&rsquo;en tenir compte lors de votre visite sur ce site. CONFIDENTIALIT\u00c9 Il n&rsquo;est pas possible pour un visiteur ni de d\u00e9poser un commentaire ni d\u00e9poser un hyperlien. N\u00e9anmoins les risques subsistent, comme sur tout site e-vitrine.\u00a0Aucune information personnelle n&rsquo;y est recueillie, en outre ce site n\u2019est pas assujetti \u00e0 d\u00e9claration \u00e0 la CNIL. Seuls les informations renseign\u00e9es dans la bo\u00eete de contact interne peuvent \u00eatre sauvegard\u00e9es. De ce fait l&rsquo;Atelier Amarya engage sa responsabilit\u00e9 \u00e0 conserver ces derni\u00e8res pour son usage et son usage professionnel uniquement.\u00a0 CR\u00c9DITS Cr\u00e9dits photos, logos et autres visuels num\u00e9riques sont la propri\u00e9t\u00e9 exclusive de l&rsquo;Atelier Amarya.\u00a0","og_url":"https:\/\/atelier-amarya.com\/index.php\/mentions-legales\/","og_site_name":"Atelier Amarya","article_modified_time":"2021-08-27T08:26:14+00:00","twitter_card":"summary_large_image","twitter_misc":{"Dur\u00e9e de lecture estim\u00e9e":"2 minutes"},"schema":{"@context":"https:\/\/schema.org","@graph":[{"@type":"WebPage","@id":"https:\/\/atelier-amarya.com\/index.php\/mentions-legales\/","url":"https:\/\/atelier-amarya.com\/index.php\/mentions-legales\/","name":"Mentions l\u00e9gales - Atelier Amarya","isPartOf":{"@id":"https:\/\/atelier-amarya.com\/#website"},"datePublished":"2021-07-27T13:50:55+00:00","dateModified":"2021-08-27T08:26:14+00:00","breadcrumb":{"@id":"https:\/\/atelier-amarya.com\/index.php\/mentions-legales\/#breadcrumb"},"inLanguage":"fr-FR","potentialAction":[{"@type":"ReadAction","target":["https:\/\/atelier-amarya.com\/index.php\/mentions-legales\/"]}]},{"@type":"BreadcrumbList","@id":"https:\/\/atelier-amarya.com\/index.php\/mentions-legales\/#breadcrumb","itemListElement":[{"@type":"ListItem","position":1,"name":"Accueil","item":"https:\/\/atelier-amarya.com\/"},{"@type":"ListItem","position":2,"name":"Mentions l\u00e9gales"}]},{"@type":"WebSite","@id":"https:\/\/atelier-amarya.com\/#website","url":"https:\/\/atelier-amarya.com\/","name":"Atelier Amarya","description":"LA CULTURE S&#039;INVITE CHEZ VOUS.","publisher":{"@id":"https:\/\/atelier-amarya.com\/#organization"},"potentialAction":[{"@type":"SearchAction","target":{"@type":"EntryPoint","urlTemplate":"https:\/\/atelier-amarya.com\/?s={search_term_string}"},"query-input":{"@type":"PropertyValueSpecification","valueRequired":true,"valueName":"search_term_string"}}],"inLanguage":"fr-FR"},{"@type":"Organization","@id":"https:\/\/atelier-amarya.com\/#organization","name":"Atelier Amarya","url":"https:\/\/atelier-amarya.com\/","logo":{"@type":"ImageObject","inLanguage":"fr-FR","@id":"https:\/\/atelier-amarya.com\/#\/schema\/logo\/image\/","url":"https:\/\/atelier-amarya.com\/wp-content\/uploads\/2021\/07\/cropped-en-tete-e1625838131836-2.png","contentUrl":"https:\/\/atelier-amarya.com\/wp-content\/uploads\/2021\/07\/cropped-en-tete-e1625838131836-2.png","width":300,"height":260,"caption":"Atelier Amarya"},"image":{"@id":"https:\/\/atelier-amarya.com\/#\/schema\/logo\/image\/"}}]}},"_links":{"self":[{"href":"https:\/\/atelier-amarya.com\/index.php\/wp-json\/wp\/v2\/pages\/212","targetHints":{"allow":["GET"]}}],"collection":[{"href":"https:\/\/atelier-amarya.com\/index.php\/wp-json\/wp\/v2\/pages"}],"about":[{"href":"https:\/\/atelier-amarya.com\/index.php\/wp-json\/wp\/v2\/types\/page"}],"author":[{"embeddable":true,"href":"https:\/\/atelier-amarya.com\/index.php\/wp-json\/wp\/v2\/users\/1"}],"replies":[{"embeddable":true,"href":"https:\/\/atelier-amarya.com\/index.php\/wp-json\/wp\/v2\/comments?post=212"}],"version-history":[{"count":20,"href":"https:\/\/atelier-amarya.com\/index.php\/wp-json\/wp\/v2\/pages\/212\/revisions"}],"predecessor-version":[{"id":598,"href":"https:\/\/atelier-amarya.com\/index.php\/wp-json\/wp\/v2\/pages\/212\/revisions\/598"}],"wp:attachment":[{"href":"https:\/\/atelier-amarya.com\/index.php\/wp-json\/wp\/v2\/media?parent=212"}],"curies":[{"name":"wp","href":"https:\/\/api.w.org\/{rel}","templated":true}]}}