{"id":196,"date":"2021-07-27T15:44:41","date_gmt":"2021-07-27T13:44:41","guid":{"rendered":"http:\/\/atelier-amarya.com\/?page_id=196"},"modified":"2024-02-09T16:06:31","modified_gmt":"2024-02-09T15:06:31","slug":"infos-pratiques","status":"publish","type":"page","link":"https:\/\/atelier-amarya.com\/index.php\/infos-pratiques\/","title":{"rendered":"Infos pratiques"},"content":{"rendered":"\t\t<div data-elementor-type=\"wp-page\" data-elementor-id=\"196\" class=\"elementor elementor-196\">\n\t\t\t\t\t\t<section class=\"elementor-section elementor-top-section elementor-element elementor-element-847ddde elementor-section-boxed elementor-section-height-default elementor-section-height-default\" data-id=\"847ddde\" data-element_type=\"section\" data-e-type=\"section\">\n\t\t\t\t\t\t<div class=\"elementor-container elementor-column-gap-default\">\n\t\t\t\t\t<div class=\"elementor-column elementor-col-100 elementor-top-column elementor-element elementor-element-8707ced\" data-id=\"8707ced\" data-element_type=\"column\" data-e-type=\"column\">\n\t\t\t<div class=\"elementor-widget-wrap elementor-element-populated\">\n\t\t\t\t\t\t<div class=\"elementor-element elementor-element-be18e60 elementor-invisible elementor-widget elementor-widget-heading\" data-id=\"be18e60\" data-element_type=\"widget\" data-e-type=\"widget\" data-settings=\"{&quot;_animation&quot;:&quot;fadeInDown&quot;}\" data-widget_type=\"heading.default\">\n\t\t\t\t<div class=\"elementor-widget-container\">\n\t\t\t\t\t<h5 class=\"elementor-heading-title elementor-size-default\">TARIFS<\/h5>\t\t\t\t<\/div>\n\t\t\t\t<\/div>\n\t\t\t\t\t<\/div>\n\t\t<\/div>\n\t\t\t\t\t<\/div>\n\t\t<\/section>\n\t\t\t\t<section class=\"elementor-section elementor-top-section elementor-element elementor-element-22a572d elementor-section-boxed elementor-section-height-default elementor-section-height-default\" data-id=\"22a572d\" data-element_type=\"section\" data-e-type=\"section\">\n\t\t\t\t\t\t<div class=\"elementor-container elementor-column-gap-default\">\n\t\t\t\t\t<div class=\"elementor-column elementor-col-33 elementor-top-column elementor-element elementor-element-246a8e9\" data-id=\"246a8e9\" data-element_type=\"column\" data-e-type=\"column\">\n\t\t\t<div class=\"elementor-widget-wrap elementor-element-populated\">\n\t\t\t\t\t\t<div class=\"elementor-element elementor-element-2caafe6 elementor-invisible elementor-widget elementor-widget-text-editor\" data-id=\"2caafe6\" data-element_type=\"widget\" data-e-type=\"widget\" data-settings=\"{&quot;_animation&quot;:&quot;fadeIn&quot;}\" data-widget_type=\"text-editor.default\">\n\t\t\t\t<div class=\"elementor-widget-container\">\n\t\t\t\t\t\t\t\t\t<p><strong>Cours collectif de dessin et de peinture \u00e0 Clermont-en-Argonne (Meuse\/Lorraine)\u00a0<\/strong><\/p>\t\t\t\t\t\t\t\t<\/div>\n\t\t\t\t<\/div>\n\t\t\t\t<div class=\"elementor-element elementor-element-ccd82df elementor-invisible elementor-widget elementor-widget-text-editor\" data-id=\"ccd82df\" data-element_type=\"widget\" data-e-type=\"widget\" data-settings=\"{&quot;_animation&quot;:&quot;fadeIn&quot;}\" data-widget_type=\"text-editor.default\">\n\t\t\t\t<div class=\"elementor-widget-container\">\n\t\t\t\t\t\t\t\t\t<header class=\"post-header\"><\/header><div class=\"post-content\"><ul><li>Tarif\u00a0: 9\u20ac\/personne les 2 heures, payable au trimestre<\/li><li>Premier cours gratuit<\/li><li>Frais d\u2019adh\u00e9sion annuel de 6\u20ac \u00e0 r\u00e9gler \u00e0 l\u2019association ILCG<\/li><li>Locaux de l\u2019ILCG P\u00f4le Culturel 11 rue des D\u00e9port\u00e9s<\/li><\/ul><\/div>\t\t\t\t\t\t\t\t<\/div>\n\t\t\t\t<\/div>\n\t\t\t\t\t<\/div>\n\t\t<\/div>\n\t\t\t\t<div class=\"elementor-column elementor-col-33 elementor-top-column elementor-element elementor-element-9addf54\" data-id=\"9addf54\" data-element_type=\"column\" data-e-type=\"column\">\n\t\t\t<div class=\"elementor-widget-wrap elementor-element-populated\">\n\t\t\t\t\t\t<div class=\"elementor-element elementor-element-8031b1b elementor-invisible elementor-widget elementor-widget-text-editor\" data-id=\"8031b1b\" data-element_type=\"widget\" data-e-type=\"widget\" data-settings=\"{&quot;_animation&quot;:&quot;fadeIn&quot;}\" data-widget_type=\"text-editor.default\">\n\t\t\t\t<div class=\"elementor-widget-container\">\n\t\t\t\t\t\t\t\t\t<p><strong>Cours collectif de dessin et de peinture \u00e0 Verdun (Meuse\/Lorraine)\u00a0<\/strong><\/p>\t\t\t\t\t\t\t\t<\/div>\n\t\t\t\t<\/div>\n\t\t\t\t<div class=\"elementor-element elementor-element-125a135 elementor-invisible elementor-widget elementor-widget-text-editor\" data-id=\"125a135\" data-element_type=\"widget\" data-e-type=\"widget\" data-settings=\"{&quot;_animation&quot;:&quot;fadeIn&quot;}\" data-widget_type=\"text-editor.default\">\n\t\t\t\t<div class=\"elementor-widget-container\">\n\t\t\t\t\t\t\t\t\t<ul><li>Tarif\u00a0: 12\u20ac\/personne les 2 heures payable au mois sur facture<\/li><li>Premier cours gratuit<\/li><li>Frais d\u2019inscription annuel de 25\u20ac \u00e0 r\u00e9gler aupr\u00e8s d\u2019Art C\u00e9line D\u00e9co<\/li><li>Boutique Art C\u00e9line D\u00e9co 12 rue Saint Pierre<\/li><\/ul>\t\t\t\t\t\t\t\t<\/div>\n\t\t\t\t<\/div>\n\t\t\t\t\t<\/div>\n\t\t<\/div>\n\t\t\t\t<div class=\"elementor-column elementor-col-33 elementor-top-column elementor-element elementor-element-f39c3ab\" data-id=\"f39c3ab\" data-element_type=\"column\" data-e-type=\"column\">\n\t\t\t<div class=\"elementor-widget-wrap elementor-element-populated\">\n\t\t\t\t\t\t<div class=\"elementor-element elementor-element-117b9a5 elementor-invisible elementor-widget elementor-widget-text-editor\" data-id=\"117b9a5\" data-element_type=\"widget\" data-e-type=\"widget\" data-settings=\"{&quot;_animation&quot;:&quot;fadeIn&quot;}\" data-widget_type=\"text-editor.default\">\n\t\t\t\t<div class=\"elementor-widget-container\">\n\t\t\t\t\t\t\t\t\t<p><strong>Pour les ateliers \u00e0 la demande&#8230;<\/strong><\/p>\t\t\t\t\t\t\t\t<\/div>\n\t\t\t\t<\/div>\n\t\t\t\t<div class=\"elementor-element elementor-element-5ce34b2 elementor-invisible elementor-widget elementor-widget-text-editor\" data-id=\"5ce34b2\" data-element_type=\"widget\" data-e-type=\"widget\" data-settings=\"{&quot;_animation&quot;:&quot;fadeIn&quot;}\" data-widget_type=\"text-editor.default\">\n\t\t\t\t<div class=\"elementor-widget-container\">\n\t\t\t\t\t\t\t\t\t<ul><li>Tarif : 150\u20ac l\u2019atelier<\/li><li>Pour 10 \u00e0 12 personnes \u00e0\u00a0partir de 10 ans<\/li><li>Pour 5 enfants de 4 \u00e0 9 ans avec pr\u00e9sence d\u2019un adulte responsable accompagnant<\/li><li>Pour l\u2019\u00e9quivalent d\u2019une classe \u00e0 la condition que celle-ci soit accompagn\u00e9e par au moins deux responsables<\/li><li>Frais de d\u00e9placement en plus<\/li><li>Fournitures \u00e0 pr\u00e9voir<\/li><\/ul><p><em>(Si toutefois vous disposez d\u00e9j\u00e0 de mat\u00e9riel que vous souhaitez mettre \u00e0 disposition pendant les ateliers, signalez le nous\u00a0!)<\/em><\/p>\t\t\t\t\t\t\t\t<\/div>\n\t\t\t\t<\/div>\n\t\t\t\t\t<\/div>\n\t\t<\/div>\n\t\t\t\t\t<\/div>\n\t\t<\/section>\n\t\t\t\t<section class=\"elementor-section elementor-top-section elementor-element elementor-element-9d01181 elementor-section-boxed elementor-section-height-default elementor-section-height-default\" data-id=\"9d01181\" data-element_type=\"section\" data-e-type=\"section\">\n\t\t\t\t\t\t<div class=\"elementor-container elementor-column-gap-default\">\n\t\t\t\t\t<div class=\"elementor-column elementor-col-33 elementor-top-column elementor-element elementor-element-afde97c\" data-id=\"afde97c\" data-element_type=\"column\" data-e-type=\"column\">\n\t\t\t<div class=\"elementor-widget-wrap\">\n\t\t\t\t\t\t\t<\/div>\n\t\t<\/div>\n\t\t\t\t<div class=\"elementor-column elementor-col-33 elementor-top-column elementor-element elementor-element-f0e8b45\" data-id=\"f0e8b45\" data-element_type=\"column\" data-e-type=\"column\">\n\t\t\t<div class=\"elementor-widget-wrap elementor-element-populated\">\n\t\t\t\t\t\t<div class=\"elementor-element elementor-element-b447e4f elementor-invisible elementor-widget elementor-widget-image\" data-id=\"b447e4f\" data-element_type=\"widget\" data-e-type=\"widget\" data-settings=\"{&quot;_animation&quot;:&quot;fadeInUp&quot;}\" data-widget_type=\"image.default\">\n\t\t\t\t<div class=\"elementor-widget-container\">\n\t\t\t\t\t\t\t\t\t\t\t\t\t\t\t<img fetchpriority=\"high\" decoding=\"async\" width=\"960\" height=\"623\" src=\"https:\/\/atelier-amarya.com\/wp-content\/uploads\/2021\/08\/zebre-1024x664.png\" class=\"attachment-large size-large wp-image-351\" alt=\"\" srcset=\"https:\/\/atelier-amarya.com\/wp-content\/uploads\/2021\/08\/zebre-1024x664.png 1024w, https:\/\/atelier-amarya.com\/wp-content\/uploads\/2021\/08\/zebre-300x195.png 300w, https:\/\/atelier-amarya.com\/wp-content\/uploads\/2021\/08\/zebre-768x498.png 768w, https:\/\/atelier-amarya.com\/wp-content\/uploads\/2021\/08\/zebre-1536x996.png 1536w, https:\/\/atelier-amarya.com\/wp-content\/uploads\/2021\/08\/zebre-1140x739.png 1140w, https:\/\/atelier-amarya.com\/wp-content\/uploads\/2021\/08\/zebre-500x324.png 500w, https:\/\/atelier-amarya.com\/wp-content\/uploads\/2021\/08\/zebre-800x519.png 800w, https:\/\/atelier-amarya.com\/wp-content\/uploads\/2021\/08\/zebre-1280x830.png 1280w, https:\/\/atelier-amarya.com\/wp-content\/uploads\/2021\/08\/zebre-1920x1245.png 1920w, https:\/\/atelier-amarya.com\/wp-content\/uploads\/2021\/08\/zebre.png 1952w\" sizes=\"(max-width: 960px) 100vw, 960px\" \/>\t\t\t\t\t\t\t\t\t\t\t\t\t\t\t<\/div>\n\t\t\t\t<\/div>\n\t\t\t\t\t<\/div>\n\t\t<\/div>\n\t\t\t\t<div class=\"elementor-column elementor-col-33 elementor-top-column elementor-element elementor-element-cb586a4\" data-id=\"cb586a4\" data-element_type=\"column\" data-e-type=\"column\">\n\t\t\t<div class=\"elementor-widget-wrap\">\n\t\t\t\t\t\t\t<\/div>\n\t\t<\/div>\n\t\t\t\t\t<\/div>\n\t\t<\/section>\n\t\t\t\t<section class=\"elementor-section elementor-top-section elementor-element elementor-element-cac67d3 elementor-section-boxed elementor-section-height-default elementor-section-height-default\" data-id=\"cac67d3\" data-element_type=\"section\" data-e-type=\"section\">\n\t\t\t\t\t\t<div class=\"elementor-container elementor-column-gap-default\">\n\t\t\t\t\t<div class=\"elementor-column elementor-col-25 elementor-top-column elementor-element elementor-element-0cc7b4e\" data-id=\"0cc7b4e\" data-element_type=\"column\" data-e-type=\"column\">\n\t\t\t<div class=\"elementor-widget-wrap\">\n\t\t\t\t\t\t\t<\/div>\n\t\t<\/div>\n\t\t\t\t<div class=\"elementor-column elementor-col-50 elementor-top-column elementor-element elementor-element-ef20c66\" data-id=\"ef20c66\" data-element_type=\"column\" data-e-type=\"column\">\n\t\t\t<div class=\"elementor-widget-wrap elementor-element-populated\">\n\t\t\t\t\t\t<div class=\"elementor-element elementor-element-711575e elementor-widget elementor-widget-text-editor\" data-id=\"711575e\" data-element_type=\"widget\" data-e-type=\"widget\" data-widget_type=\"text-editor.default\">\n\t\t\t\t<div class=\"elementor-widget-container\">\n\t\t\t\t\t\t\t\t\t<h5>Modes de r\u00e8glement<\/h5><p><em>Nous acceptons les r\u00e8glements en esp\u00e8ces, en ch\u00e8que ou par virement \u00e0 r\u00e9ception de la facture.<\/em><\/p>\t\t\t\t\t\t\t\t<\/div>\n\t\t\t\t<\/div>\n\t\t\t\t\t<\/div>\n\t\t<\/div>\n\t\t\t\t<div class=\"elementor-column elementor-col-25 elementor-top-column elementor-element elementor-element-937ac12\" data-id=\"937ac12\" data-element_type=\"column\" data-e-type=\"column\">\n\t\t\t<div class=\"elementor-widget-wrap\">\n\t\t\t\t\t\t\t<\/div>\n\t\t<\/div>\n\t\t\t\t\t<\/div>\n\t\t<\/section>\n\t\t\t\t<section class=\"elementor-section elementor-top-section elementor-element elementor-element-14c3bf0 elementor-section-boxed elementor-section-height-default elementor-section-height-default\" data-id=\"14c3bf0\" data-element_type=\"section\" data-e-type=\"section\">\n\t\t\t\t\t\t<div class=\"elementor-container elementor-column-gap-default\">\n\t\t\t\t\t<div class=\"elementor-column elementor-col-33 elementor-top-column elementor-element elementor-element-dbeeb6c\" data-id=\"dbeeb6c\" data-element_type=\"column\" data-e-type=\"column\">\n\t\t\t<div class=\"elementor-widget-wrap\">\n\t\t\t\t\t\t\t<\/div>\n\t\t<\/div>\n\t\t\t\t<div class=\"elementor-column elementor-col-33 elementor-top-column elementor-element elementor-element-b90a7f9\" data-id=\"b90a7f9\" data-element_type=\"column\" data-e-type=\"column\">\n\t\t\t<div class=\"elementor-widget-wrap elementor-element-populated\">\n\t\t\t\t\t\t<div class=\"elementor-element elementor-element-e72456d elementor-align-center elementor-invisible elementor-widget elementor-widget-button\" data-id=\"e72456d\" data-element_type=\"widget\" data-e-type=\"widget\" data-settings=\"{&quot;_animation&quot;:&quot;bounceInDown&quot;}\" data-widget_type=\"button.default\">\n\t\t\t\t<div class=\"elementor-widget-container\">\n\t\t\t\t\t\t\t\t\t<div class=\"elementor-button-wrapper\">\n\t\t\t\t\t<a class=\"elementor-button elementor-button-link elementor-size-sm\" href=\"https:\/\/atelier-amarya.com\/index.php\/elementor-353\/\">\n\t\t\t\t\t\t<span class=\"elementor-button-content-wrapper\">\n\t\t\t\t\t\t\t\t\t<span class=\"elementor-button-text\">VOIR LES CONDITIONS G\u00c9N\u00c9RALES DE VENTE<\/span>\n\t\t\t\t\t<\/span>\n\t\t\t\t\t<\/a>\n\t\t\t\t<\/div>\n\t\t\t\t\t\t\t\t<\/div>\n\t\t\t\t<\/div>\n\t\t\t\t\t<\/div>\n\t\t<\/div>\n\t\t\t\t<div class=\"elementor-column elementor-col-33 elementor-top-column elementor-element elementor-element-70151e5\" data-id=\"70151e5\" data-element_type=\"column\" data-e-type=\"column\">\n\t\t\t<div class=\"elementor-widget-wrap\">\n\t\t\t\t\t\t\t<\/div>\n\t\t<\/div>\n\t\t\t\t\t<\/div>\n\t\t<\/section>\n\t\t\t\t<\/div>\n\t\t","protected":false},"excerpt":{"rendered":"<p>TARIFS Cours collectif de dessin et de peinture \u00e0 Clermont-en-Argonne (Meuse\/Lorraine)\u00a0 Tarif\u00a0: 9\u20ac\/personne les 2 heures, payable au trimestre Premier cours gratuit Frais d\u2019adh\u00e9sion annuel de 6\u20ac \u00e0 r\u00e9gler \u00e0 l\u2019association ILCG Locaux de l\u2019ILCG P\u00f4le Culturel 11 rue des D\u00e9port\u00e9s Cours collectif de dessin et de peinture \u00e0 Verdun (Meuse\/Lorraine)\u00a0 Tarif\u00a0: 12\u20ac\/personne les 2 heures payable au mois sur facture Premier cours gratuit Frais d\u2019inscription annuel de 25\u20ac \u00e0 r\u00e9gler aupr\u00e8s d\u2019Art C\u00e9line D\u00e9co Boutique Art C\u00e9line D\u00e9co 12 rue Saint Pierre Pour les ateliers \u00e0 la demande&#8230; Tarif : 150\u20ac l\u2019atelier Pour 10 \u00e0 12 personnes \u00e0\u00a0partir de 10 ans Pour 5 enfants de 4 \u00e0 9 ans avec pr\u00e9sence d\u2019un adulte responsable accompagnant Pour l\u2019\u00e9quivalent d\u2019une classe \u00e0 la condition que celle-ci soit accompagn\u00e9e par au moins deux responsables Frais de d\u00e9placement en plus Fournitures \u00e0 pr\u00e9voir (Si toutefois vous disposez d\u00e9j\u00e0 de mat\u00e9riel que vous souhaitez mettre \u00e0 disposition pendant les ateliers, signalez le nous\u00a0!) Modes de r\u00e8glement Nous acceptons les r\u00e8glements en esp\u00e8ces, en ch\u00e8que ou par virement \u00e0 r\u00e9ception de la facture. VOIR LES CONDITIONS G\u00c9N\u00c9RALES DE VENTE<\/p>\n","protected":false},"author":1,"featured_media":0,"parent":0,"menu_order":0,"comment_status":"closed","ping_status":"closed","template":"","meta":{"_vp_format_video_url":"","_vp_image_focal_point":[],"footnotes":""},"class_list":["post-196","page","type-page","status-publish","hentry"],"aioseo_notices":[],"yoast_head":"<!-- This site is optimized with the Yoast SEO plugin v27.3 - https:\/\/yoast.com\/product\/yoast-seo-wordpress\/ -->\n<title>Infos pratiques - Atelier Amarya<\/title>\n<meta name=\"description\" content=\"Retrouvez toutes les infos pratiques concernant nos prestations de service. Bas\u00e9 sur le secteur argonnais et g\u00e9r\u00e9 par Marianne Amory, \u00e0 Rar\u00e9court, n&#039;h\u00e9sitez-pas \u00e0 faire appel \u00e0 nos services ! contact@atelier-amarya.com\" \/>\n<meta name=\"robots\" content=\"index, follow, max-snippet:-1, max-image-preview:large, max-video-preview:-1\" \/>\n<link rel=\"canonical\" href=\"https:\/\/atelier-amarya.com\/index.php\/infos-pratiques\/\" \/>\n<meta property=\"og:locale\" content=\"fr_FR\" \/>\n<meta property=\"og:type\" content=\"article\" \/>\n<meta property=\"og:title\" content=\"Infos pratiques - Atelier Amarya\" \/>\n<meta property=\"og:description\" content=\"Retrouvez toutes les infos pratiques concernant nos prestations de service. Bas\u00e9 sur le secteur argonnais et g\u00e9r\u00e9 par Marianne Amory, \u00e0 Rar\u00e9court, n&#039;h\u00e9sitez-pas \u00e0 faire appel \u00e0 nos services ! contact@atelier-amarya.com\" \/>\n<meta property=\"og:url\" content=\"https:\/\/atelier-amarya.com\/index.php\/infos-pratiques\/\" \/>\n<meta property=\"og:site_name\" content=\"Atelier Amarya\" \/>\n<meta property=\"article:modified_time\" content=\"2024-02-09T15:06:31+00:00\" \/>\n<meta property=\"og:image\" content=\"https:\/\/atelier-amarya.com\/wp-content\/uploads\/2021\/08\/zebre-1024x664.png\" \/>\n<meta name=\"twitter:card\" content=\"summary_large_image\" \/>\n<meta name=\"twitter:label1\" content=\"Dur\u00e9e de lecture estim\u00e9e\" \/>\n\t<meta name=\"twitter:data1\" content=\"2 minutes\" \/>\n<script type=\"application\/ld+json\" class=\"yoast-schema-graph\">{\"@context\":\"https:\\\/\\\/schema.org\",\"@graph\":[{\"@type\":\"WebPage\",\"@id\":\"https:\\\/\\\/atelier-amarya.com\\\/index.php\\\/infos-pratiques\\\/\",\"url\":\"https:\\\/\\\/atelier-amarya.com\\\/index.php\\\/infos-pratiques\\\/\",\"name\":\"Infos pratiques - Atelier Amarya\",\"isPartOf\":{\"@id\":\"https:\\\/\\\/atelier-amarya.com\\\/#website\"},\"primaryImageOfPage\":{\"@id\":\"https:\\\/\\\/atelier-amarya.com\\\/index.php\\\/infos-pratiques\\\/#primaryimage\"},\"image\":{\"@id\":\"https:\\\/\\\/atelier-amarya.com\\\/index.php\\\/infos-pratiques\\\/#primaryimage\"},\"thumbnailUrl\":\"https:\\\/\\\/atelier-amarya.com\\\/wp-content\\\/uploads\\\/2021\\\/08\\\/zebre-1024x664.png\",\"datePublished\":\"2021-07-27T13:44:41+00:00\",\"dateModified\":\"2024-02-09T15:06:31+00:00\",\"description\":\"Retrouvez toutes les infos pratiques concernant nos prestations de service. Bas\u00e9 sur le secteur argonnais et g\u00e9r\u00e9 par Marianne Amory, \u00e0 Rar\u00e9court, n'h\u00e9sitez-pas \u00e0 faire appel \u00e0 nos services ! contact@atelier-amarya.com\",\"breadcrumb\":{\"@id\":\"https:\\\/\\\/atelier-amarya.com\\\/index.php\\\/infos-pratiques\\\/#breadcrumb\"},\"inLanguage\":\"fr-FR\",\"potentialAction\":[{\"@type\":\"ReadAction\",\"target\":[\"https:\\\/\\\/atelier-amarya.com\\\/index.php\\\/infos-pratiques\\\/\"]}]},{\"@type\":\"ImageObject\",\"inLanguage\":\"fr-FR\",\"@id\":\"https:\\\/\\\/atelier-amarya.com\\\/index.php\\\/infos-pratiques\\\/#primaryimage\",\"url\":\"https:\\\/\\\/atelier-amarya.com\\\/wp-content\\\/uploads\\\/2021\\\/08\\\/zebre.png\",\"contentUrl\":\"https:\\\/\\\/atelier-amarya.com\\\/wp-content\\\/uploads\\\/2021\\\/08\\\/zebre.png\",\"width\":1952,\"height\":1266},{\"@type\":\"BreadcrumbList\",\"@id\":\"https:\\\/\\\/atelier-amarya.com\\\/index.php\\\/infos-pratiques\\\/#breadcrumb\",\"itemListElement\":[{\"@type\":\"ListItem\",\"position\":1,\"name\":\"Accueil\",\"item\":\"https:\\\/\\\/atelier-amarya.com\\\/\"},{\"@type\":\"ListItem\",\"position\":2,\"name\":\"Infos pratiques\"}]},{\"@type\":\"WebSite\",\"@id\":\"https:\\\/\\\/atelier-amarya.com\\\/#website\",\"url\":\"https:\\\/\\\/atelier-amarya.com\\\/\",\"name\":\"Atelier Amarya\",\"description\":\"LA CULTURE S&#039;INVITE CHEZ VOUS.\",\"publisher\":{\"@id\":\"https:\\\/\\\/atelier-amarya.com\\\/#organization\"},\"potentialAction\":[{\"@type\":\"SearchAction\",\"target\":{\"@type\":\"EntryPoint\",\"urlTemplate\":\"https:\\\/\\\/atelier-amarya.com\\\/?s={search_term_string}\"},\"query-input\":{\"@type\":\"PropertyValueSpecification\",\"valueRequired\":true,\"valueName\":\"search_term_string\"}}],\"inLanguage\":\"fr-FR\"},{\"@type\":\"Organization\",\"@id\":\"https:\\\/\\\/atelier-amarya.com\\\/#organization\",\"name\":\"Atelier Amarya\",\"url\":\"https:\\\/\\\/atelier-amarya.com\\\/\",\"logo\":{\"@type\":\"ImageObject\",\"inLanguage\":\"fr-FR\",\"@id\":\"https:\\\/\\\/atelier-amarya.com\\\/#\\\/schema\\\/logo\\\/image\\\/\",\"url\":\"https:\\\/\\\/atelier-amarya.com\\\/wp-content\\\/uploads\\\/2021\\\/07\\\/cropped-en-tete-e1625838131836-2.png\",\"contentUrl\":\"https:\\\/\\\/atelier-amarya.com\\\/wp-content\\\/uploads\\\/2021\\\/07\\\/cropped-en-tete-e1625838131836-2.png\",\"width\":300,\"height\":260,\"caption\":\"Atelier Amarya\"},\"image\":{\"@id\":\"https:\\\/\\\/atelier-amarya.com\\\/#\\\/schema\\\/logo\\\/image\\\/\"}}]}<\/script>\n<!-- \/ Yoast SEO plugin. -->","yoast_head_json":{"title":"Infos pratiques - Atelier Amarya","description":"Retrouvez toutes les infos pratiques concernant nos prestations de service. Bas\u00e9 sur le secteur argonnais et g\u00e9r\u00e9 par Marianne Amory, \u00e0 Rar\u00e9court, n'h\u00e9sitez-pas \u00e0 faire appel \u00e0 nos services ! contact@atelier-amarya.com","robots":{"index":"index","follow":"follow","max-snippet":"max-snippet:-1","max-image-preview":"max-image-preview:large","max-video-preview":"max-video-preview:-1"},"canonical":"https:\/\/atelier-amarya.com\/index.php\/infos-pratiques\/","og_locale":"fr_FR","og_type":"article","og_title":"Infos pratiques - Atelier Amarya","og_description":"Retrouvez toutes les infos pratiques concernant nos prestations de service. Bas\u00e9 sur le secteur argonnais et g\u00e9r\u00e9 par Marianne Amory, \u00e0 Rar\u00e9court, n'h\u00e9sitez-pas \u00e0 faire appel \u00e0 nos services ! contact@atelier-amarya.com","og_url":"https:\/\/atelier-amarya.com\/index.php\/infos-pratiques\/","og_site_name":"Atelier Amarya","article_modified_time":"2024-02-09T15:06:31+00:00","og_image":[{"url":"https:\/\/atelier-amarya.com\/wp-content\/uploads\/2021\/08\/zebre-1024x664.png","type":"","width":"","height":""}],"twitter_card":"summary_large_image","twitter_misc":{"Dur\u00e9e de lecture estim\u00e9e":"2 minutes"},"schema":{"@context":"https:\/\/schema.org","@graph":[{"@type":"WebPage","@id":"https:\/\/atelier-amarya.com\/index.php\/infos-pratiques\/","url":"https:\/\/atelier-amarya.com\/index.php\/infos-pratiques\/","name":"Infos pratiques - Atelier Amarya","isPartOf":{"@id":"https:\/\/atelier-amarya.com\/#website"},"primaryImageOfPage":{"@id":"https:\/\/atelier-amarya.com\/index.php\/infos-pratiques\/#primaryimage"},"image":{"@id":"https:\/\/atelier-amarya.com\/index.php\/infos-pratiques\/#primaryimage"},"thumbnailUrl":"https:\/\/atelier-amarya.com\/wp-content\/uploads\/2021\/08\/zebre-1024x664.png","datePublished":"2021-07-27T13:44:41+00:00","dateModified":"2024-02-09T15:06:31+00:00","description":"Retrouvez toutes les infos pratiques concernant nos prestations de service. Bas\u00e9 sur le secteur argonnais et g\u00e9r\u00e9 par Marianne Amory, \u00e0 Rar\u00e9court, n'h\u00e9sitez-pas \u00e0 faire appel \u00e0 nos services ! contact@atelier-amarya.com","breadcrumb":{"@id":"https:\/\/atelier-amarya.com\/index.php\/infos-pratiques\/#breadcrumb"},"inLanguage":"fr-FR","potentialAction":[{"@type":"ReadAction","target":["https:\/\/atelier-amarya.com\/index.php\/infos-pratiques\/"]}]},{"@type":"ImageObject","inLanguage":"fr-FR","@id":"https:\/\/atelier-amarya.com\/index.php\/infos-pratiques\/#primaryimage","url":"https:\/\/atelier-amarya.com\/wp-content\/uploads\/2021\/08\/zebre.png","contentUrl":"https:\/\/atelier-amarya.com\/wp-content\/uploads\/2021\/08\/zebre.png","width":1952,"height":1266},{"@type":"BreadcrumbList","@id":"https:\/\/atelier-amarya.com\/index.php\/infos-pratiques\/#breadcrumb","itemListElement":[{"@type":"ListItem","position":1,"name":"Accueil","item":"https:\/\/atelier-amarya.com\/"},{"@type":"ListItem","position":2,"name":"Infos pratiques"}]},{"@type":"WebSite","@id":"https:\/\/atelier-amarya.com\/#website","url":"https:\/\/atelier-amarya.com\/","name":"Atelier Amarya","description":"LA CULTURE S&#039;INVITE CHEZ VOUS.","publisher":{"@id":"https:\/\/atelier-amarya.com\/#organization"},"potentialAction":[{"@type":"SearchAction","target":{"@type":"EntryPoint","urlTemplate":"https:\/\/atelier-amarya.com\/?s={search_term_string}"},"query-input":{"@type":"PropertyValueSpecification","valueRequired":true,"valueName":"search_term_string"}}],"inLanguage":"fr-FR"},{"@type":"Organization","@id":"https:\/\/atelier-amarya.com\/#organization","name":"Atelier Amarya","url":"https:\/\/atelier-amarya.com\/","logo":{"@type":"ImageObject","inLanguage":"fr-FR","@id":"https:\/\/atelier-amarya.com\/#\/schema\/logo\/image\/","url":"https:\/\/atelier-amarya.com\/wp-content\/uploads\/2021\/07\/cropped-en-tete-e1625838131836-2.png","contentUrl":"https:\/\/atelier-amarya.com\/wp-content\/uploads\/2021\/07\/cropped-en-tete-e1625838131836-2.png","width":300,"height":260,"caption":"Atelier Amarya"},"image":{"@id":"https:\/\/atelier-amarya.com\/#\/schema\/logo\/image\/"}}]}},"_links":{"self":[{"href":"https:\/\/atelier-amarya.com\/index.php\/wp-json\/wp\/v2\/pages\/196","targetHints":{"allow":["GET"]}}],"collection":[{"href":"https:\/\/atelier-amarya.com\/index.php\/wp-json\/wp\/v2\/pages"}],"about":[{"href":"https:\/\/atelier-amarya.com\/index.php\/wp-json\/wp\/v2\/types\/page"}],"author":[{"embeddable":true,"href":"https:\/\/atelier-amarya.com\/index.php\/wp-json\/wp\/v2\/users\/1"}],"replies":[{"embeddable":true,"href":"https:\/\/atelier-amarya.com\/index.php\/wp-json\/wp\/v2\/comments?post=196"}],"version-history":[{"count":47,"href":"https:\/\/atelier-amarya.com\/index.php\/wp-json\/wp\/v2\/pages\/196\/revisions"}],"predecessor-version":[{"id":1204,"href":"https:\/\/atelier-amarya.com\/index.php\/wp-json\/wp\/v2\/pages\/196\/revisions\/1204"}],"wp:attachment":[{"href":"https:\/\/atelier-amarya.com\/index.php\/wp-json\/wp\/v2\/media?parent=196"}],"curies":[{"name":"wp","href":"https:\/\/api.w.org\/{rel}","templated":true}]}}